{"id":6358,"date":"2023-01-22T13:10:27","date_gmt":"2023-01-22T13:10:27","guid":{"rendered":"https:\/\/bnvs.es\/?post_type=product&#038;p=6358"},"modified":"2023-02-25T12:29:07","modified_gmt":"2023-02-25T12:29:07","slug":"estufa-electrica-stylo","status":"publish","type":"product","link":"https:\/\/bnvs.fr\/fr\/produit\/estufa-electrica-stylo\/","title":{"rendered":"Po\u00eale \u00c9lectrique Stylo"},"content":{"rendered":"<table style=\"width: 100%\">\n<tbody>\n<tr>\n<td>\n<ul>\n<li>Tensi\u00f3n nominal 230v<\/li>\n<li>Potencia nominal 1500w<\/li>\n<li>Dimensiones Alt. 146 cm<\/li>\n<li>Di\u00e1metro 6cm Base 40cm Peso 8 kg<\/li>\n<\/ul>\n<\/td>\n<td>\n<h5 style=\"padding-left: 40px; text-align: right;\"><img decoding=\"async\" loading=\"lazy\" class=\"alignnone size-full wp-image-6589\" src=\"https:\/\/bnvs.es\/wp-content\/uploads\/2023\/01\/fashionFlames.png\" alt=\"\" width=\"253\" height=\"230\" \/><\/h5>\n<h5 style=\"text-align: right; padding-left: 160px;\">NOS CATALOGUES :<\/h5>\n<h6 style=\"text-align: right;\"><strong><a href=\"https:\/\/bnvs.es\/wp-content\/uploads\/2023\/01\/catalogo_electric.pdf\" target=\"_blank\" rel=\"noopener\">CATALOGUE DE STYLES<\/a><a href=\"https:\/\/bnvs.es\/wp-content\/uploads\/2023\/01\/TAVOLINO.pdf\" target=\"_blank\" rel=\"noopener\"><img decoding=\"async\" loading=\"lazy\" class=\"wp-image-6790 alignnone alignright\" src=\"https:\/\/bnvs.es\/wp-content\/uploads\/2023\/01\/CLIP.png\" alt=\"\" width=\"19\" height=\"19\" srcset=\"https:\/\/bnvs.fr\/wp-content\/uploads\/2023\/01\/CLIP.png 225w, https:\/\/bnvs.fr\/wp-content\/uploads\/2023\/01\/CLIP-150x150.png 150w, https:\/\/bnvs.fr\/wp-content\/uploads\/2023\/01\/CLIP-100x100.png 100w\" sizes=\"(max-width: 19px) 100vw, 19px\" \/><\/a><\/strong><\/h6>\n<\/td>\n<\/tr>\n<\/tbody>\n<\/table>","protected":false},"excerpt":{"rendered":"<p>Po\u00eale \u00e9lectrique pour le design italien int\u00e9rieur ou ext\u00e9rieur. Puissance nominale de 1,5kw.<\/p>","protected":false},"featured_media":6359,"template":"","meta":[],"product_cat":[58],"product_tag":[64,63],"yoast_head":"<!-- This site is optimized with the Yoast SEO plugin v20.1 - https:\/\/yoast.com\/wordpress\/plugins\/seo\/ -->\n<title>Estufa El\u00e9ctrica Stylo - Bonvert Solutions<\/title>\n<meta name=\"robots\" content=\"index, follow, max-snippet:-1, max-image-preview:large, max-video-preview:-1\" \/>\n<link rel=\"canonical\" href=\"https:\/\/bnvs.fr\/fr\/produit\/estufa-electrica-stylo\/\" \/>\n<meta property=\"og:locale\" content=\"fr_FR\" \/>\n<meta property=\"og:type\" content=\"article\" \/>\n<meta property=\"og:title\" content=\"Estufa El\u00e9ctrica Stylo - Bonvert Solutions\" \/>\n<meta property=\"og:description\" content=\"Estufa el\u00e9ctrica para interior o exterior dise\u00f1o italiano. Potencia nominal de 1,5 kw.\" \/>\n<meta property=\"og:url\" content=\"https:\/\/bnvs.fr\/fr\/produit\/estufa-electrica-stylo\/\" \/>\n<meta property=\"og:site_name\" content=\"Bonvert Solutions\" \/>\n<meta property=\"article:modified_time\" content=\"2023-02-25T12:29:07+00:00\" \/>\n<meta property=\"og:image\" content=\"https:\/\/bnvs.fr\/wp-content\/uploads\/2023\/01\/stylo_elect.png\" \/>\n\t<meta property=\"og:image:width\" content=\"290\" \/>\n\t<meta property=\"og:image:height\" content=\"357\" \/>\n\t<meta property=\"og:image:type\" content=\"image\/png\" \/>\n<meta name=\"twitter:card\" content=\"summary_large_image\" \/>\n<meta name=\"twitter:label1\" content=\"Dur\u00e9e de lecture estim\u00e9e\" \/>\n\t<meta name=\"twitter:data1\" content=\"1 minute\" \/>\n<script type=\"application\/ld+json\" class=\"yoast-schema-graph\">{\"@context\":\"https:\/\/schema.org\",\"@graph\":[{\"@type\":\"WebPage\",\"@id\":\"https:\/\/bnvs.fr\/producto\/estufa-electrica-stylo\/\",\"url\":\"https:\/\/bnvs.fr\/producto\/estufa-electrica-stylo\/\",\"name\":\"Estufa El\u00e9ctrica Stylo - Bonvert Solutions\",\"isPartOf\":{\"@id\":\"https:\/\/bnvs.fr\/fr\/#website\"},\"datePublished\":\"2023-01-22T13:10:27+00:00\",\"dateModified\":\"2023-02-25T12:29:07+00:00\",\"breadcrumb\":{\"@id\":\"https:\/\/bnvs.fr\/producto\/estufa-electrica-stylo\/#breadcrumb\"},\"inLanguage\":\"fr-FR\",\"potentialAction\":[{\"@type\":\"ReadAction\",\"target\":[\"https:\/\/bnvs.fr\/producto\/estufa-electrica-stylo\/\"]}]},{\"@type\":\"BreadcrumbList\",\"@id\":\"https:\/\/bnvs.fr\/producto\/estufa-electrica-stylo\/#breadcrumb\",\"itemListElement\":[{\"@type\":\"ListItem\",\"position\":1,\"name\":\"Portada\",\"item\":\"https:\/\/bnvs.fr\/\"},{\"@type\":\"ListItem\",\"position\":2,\"name\":\"ESTUFAS PELLET Y BIOCOMBUSTIBLES\",\"item\":\"https:\/\/bnvs.fr\/fr\/tienda\/\"},{\"@type\":\"ListItem\",\"position\":3,\"name\":\"Estufa El\u00e9ctrica Stylo\"}]},{\"@type\":\"WebSite\",\"@id\":\"https:\/\/bnvs.fr\/fr\/#website\",\"url\":\"https:\/\/bnvs.fr\/fr\/\",\"name\":\"Bonvert Solutions\",\"description\":\"BONVERT SOLUTIONS es una empresa del sector de las energ\u00edas renovables y la biomasa en Europa\",\"publisher\":{\"@id\":\"https:\/\/bnvs.fr\/fr\/#organization\"},\"potentialAction\":[{\"@type\":\"SearchAction\",\"target\":{\"@type\":\"EntryPoint\",\"urlTemplate\":\"https:\/\/bnvs.fr\/fr\/?s={search_term_string}\"},\"query-input\":\"required name=search_term_string\"}],\"inLanguage\":\"fr-FR\"},{\"@type\":\"Organization\",\"@id\":\"https:\/\/bnvs.fr\/fr\/#organization\",\"name\":\"Bonvert Solutions\",\"url\":\"https:\/\/bnvs.fr\/fr\/\",\"logo\":{\"@type\":\"ImageObject\",\"inLanguage\":\"fr-FR\",\"@id\":\"https:\/\/bnvs.fr\/fr\/#\/schema\/logo\/image\/\",\"url\":\"https:\/\/bnvs.fr\/wp-content\/uploads\/2023\/01\/bonvert5eL.png\",\"contentUrl\":\"https:\/\/bnvs.fr\/wp-content\/uploads\/2023\/01\/bonvert5eL.png\",\"width\":800,\"height\":280,\"caption\":\"Bonvert Solutions\"},\"image\":{\"@id\":\"https:\/\/bnvs.fr\/fr\/#\/schema\/logo\/image\/\"}}]}<\/script>\n<!-- \/ Yoast SEO plugin. -->","yoast_head_json":{"title":"Estufa El\u00e9ctrica Stylo - Bonvert Solutions","robots":{"index":"index","follow":"follow","max-snippet":"max-snippet:-1","max-image-preview":"max-image-preview:large","max-video-preview":"max-video-preview:-1"},"canonical":"https:\/\/bnvs.fr\/fr\/produit\/estufa-electrica-stylo\/","og_locale":"fr_FR","og_type":"article","og_title":"Estufa El\u00e9ctrica Stylo - Bonvert Solutions","og_description":"Estufa el\u00e9ctrica para interior o exterior dise\u00f1o italiano. Potencia nominal de 1,5 kw.","og_url":"https:\/\/bnvs.fr\/fr\/produit\/estufa-electrica-stylo\/","og_site_name":"Bonvert Solutions","article_modified_time":"2023-02-25T12:29:07+00:00","og_image":[{"width":290,"height":357,"url":"https:\/\/bnvs.fr\/wp-content\/uploads\/2023\/01\/stylo_elect.png","type":"image\/png"}],"twitter_card":"summary_large_image","twitter_misc":{"Dur\u00e9e de lecture estim\u00e9e":"1 minute"},"schema":{"@context":"https:\/\/schema.org","@graph":[{"@type":"WebPage","@id":"https:\/\/bnvs.fr\/producto\/estufa-electrica-stylo\/","url":"https:\/\/bnvs.fr\/producto\/estufa-electrica-stylo\/","name":"Estufa El\u00e9ctrica Stylo - Bonvert Solutions","isPartOf":{"@id":"https:\/\/bnvs.fr\/fr\/#website"},"datePublished":"2023-01-22T13:10:27+00:00","dateModified":"2023-02-25T12:29:07+00:00","breadcrumb":{"@id":"https:\/\/bnvs.fr\/producto\/estufa-electrica-stylo\/#breadcrumb"},"inLanguage":"fr-FR","potentialAction":[{"@type":"ReadAction","target":["https:\/\/bnvs.fr\/producto\/estufa-electrica-stylo\/"]}]},{"@type":"BreadcrumbList","@id":"https:\/\/bnvs.fr\/producto\/estufa-electrica-stylo\/#breadcrumb","itemListElement":[{"@type":"ListItem","position":1,"name":"Portada","item":"https:\/\/bnvs.fr\/"},{"@type":"ListItem","position":2,"name":"ESTUFAS PELLET Y BIOCOMBUSTIBLES","item":"https:\/\/bnvs.fr\/fr\/tienda\/"},{"@type":"ListItem","position":3,"name":"Estufa El\u00e9ctrica Stylo"}]},{"@type":"WebSite","@id":"https:\/\/bnvs.fr\/fr\/#website","url":"https:\/\/bnvs.fr\/fr\/","name":"Bonvert Solutions","description":"BONVERT SOLUTIONS es una empresa del sector de las energ\u00edas renovables y la biomasa en Europa","publisher":{"@id":"https:\/\/bnvs.fr\/fr\/#organization"},"potentialAction":[{"@type":"SearchAction","target":{"@type":"EntryPoint","urlTemplate":"https:\/\/bnvs.fr\/fr\/?s={search_term_string}"},"query-input":"required name=search_term_string"}],"inLanguage":"fr-FR"},{"@type":"Organization","@id":"https:\/\/bnvs.fr\/fr\/#organization","name":"Bonvert Solutions","url":"https:\/\/bnvs.fr\/fr\/","logo":{"@type":"ImageObject","inLanguage":"fr-FR","@id":"https:\/\/bnvs.fr\/fr\/#\/schema\/logo\/image\/","url":"https:\/\/bnvs.fr\/wp-content\/uploads\/2023\/01\/bonvert5eL.png","contentUrl":"https:\/\/bnvs.fr\/wp-content\/uploads\/2023\/01\/bonvert5eL.png","width":800,"height":280,"caption":"Bonvert Solutions"},"image":{"@id":"https:\/\/bnvs.fr\/fr\/#\/schema\/logo\/image\/"}}]}},"_links":{"self":[{"href":"https:\/\/bnvs.fr\/fr\/wp-json\/wp\/v2\/product\/6358"}],"collection":[{"href":"https:\/\/bnvs.fr\/fr\/wp-json\/wp\/v2\/product"}],"about":[{"href":"https:\/\/bnvs.fr\/fr\/wp-json\/wp\/v2\/types\/product"}],"wp:featuredmedia":[{"embeddable":true,"href":"https:\/\/bnvs.fr\/fr\/wp-json\/wp\/v2\/media\/6359"}],"wp:attachment":[{"href":"https:\/\/bnvs.fr\/fr\/wp-json\/wp\/v2\/media?parent=6358"}],"wp:term":[{"taxonomy":"product_cat","embeddable":true,"href":"https:\/\/bnvs.fr\/fr\/wp-json\/wp\/v2\/product_cat?post=6358"},{"taxonomy":"product_tag","embeddable":true,"href":"https:\/\/bnvs.fr\/fr\/wp-json\/wp\/v2\/product_tag?post=6358"}],"curies":[{"name":"wp","href":"https:\/\/api.w.org\/{rel}","templated":true}]}}