{"id":6783,"date":"2023-01-29T19:16:24","date_gmt":"2023-01-29T19:16:24","guid":{"rendered":"https:\/\/bnvs.es\/?post_type=product&#038;p=6783"},"modified":"2023-02-01T11:07:36","modified_gmt":"2023-02-01T11:07:36","slug":"cascara-almendra","status":"publish","type":"product","link":"https:\/\/bnvs.fr\/fr\/produit\/cascara-almendra\/","title":{"rendered":"COQUILLE D'AMANDE"},"content":{"rendered":"<ul>\n<li>Les coques d'amandes BONVERT SOLUTIONS sont disponibles en big bag ou en vrac sur fond mouvant.<\/li>\n<\/ul>\n<p>&nbsp;<\/p>","protected":false},"excerpt":{"rendered":"<p>La coque d'amande broy\u00e9e est une autre alternative pour chauffer, climatiser et alimenter l'activit\u00e9 de votre habitation ou de votre entreprise. On s'\u00e9loigne du diesel ou du propane avec cette option naturelle, \u00e9cologique, durable et terriblement utile.<\/p>","protected":false},"featured_media":6583,"template":"","meta":[],"product_cat":[67],"product_tag":[68,66],"yoast_head":"<!-- This site is optimized with the Yoast SEO plugin v20.1 - https:\/\/yoast.com\/wordpress\/plugins\/seo\/ -->\n<title>CASCARA ALMENDRA - Bonvert Solutions<\/title>\n<meta name=\"robots\" content=\"index, follow, max-snippet:-1, max-image-preview:large, max-video-preview:-1\" \/>\n<link rel=\"canonical\" href=\"https:\/\/bnvs.fr\/fr\/produit\/cascara-almendra\/\" \/>\n<meta property=\"og:locale\" content=\"fr_FR\" \/>\n<meta property=\"og:type\" content=\"article\" \/>\n<meta property=\"og:title\" content=\"CASCARA ALMENDRA - Bonvert Solutions\" \/>\n<meta property=\"og:description\" content=\"La C\u00e1scara triturada de almendra es otra alternativa para calentar, climatizar y alimentar la actividad de tu hogar o empresa. Nos alejamos del gas\u00f3leo o propano con esta opci\u00f3n natural, ecol\u00f3gica, sostenible y tremendamente \u00fatil .\" \/>\n<meta property=\"og:url\" content=\"https:\/\/bnvs.fr\/fr\/produit\/cascara-almendra\/\" \/>\n<meta property=\"og:site_name\" content=\"Bonvert Solutions\" \/>\n<meta property=\"article:modified_time\" content=\"2023-02-01T11:07:36+00:00\" \/>\n<meta property=\"og:image\" content=\"https:\/\/bnvs.fr\/wp-content\/uploads\/2023\/01\/almendracasc1.jpeg\" \/>\n\t<meta property=\"og:image:width\" content=\"1116\" \/>\n\t<meta property=\"og:image:height\" content=\"1346\" \/>\n\t<meta property=\"og:image:type\" content=\"image\/jpeg\" \/>\n<meta name=\"twitter:card\" content=\"summary_large_image\" \/>\n<script type=\"application\/ld+json\" class=\"yoast-schema-graph\">{\"@context\":\"https:\/\/schema.org\",\"@graph\":[{\"@type\":\"WebPage\",\"@id\":\"https:\/\/bnvs.fr\/fr\/produit\/cascara-almendra\/\",\"url\":\"https:\/\/bnvs.fr\/fr\/produit\/cascara-almendra\/\",\"name\":\"CASCARA ALMENDRA - Bonvert Solutions\",\"isPartOf\":{\"@id\":\"https:\/\/bnvs.fr\/fr\/#website\"},\"datePublished\":\"2023-01-29T19:16:24+00:00\",\"dateModified\":\"2023-02-01T11:07:36+00:00\",\"breadcrumb\":{\"@id\":\"https:\/\/bnvs.fr\/fr\/produit\/cascara-almendra\/#breadcrumb\"},\"inLanguage\":\"fr-FR\",\"potentialAction\":[{\"@type\":\"ReadAction\",\"target\":[\"https:\/\/bnvs.fr\/fr\/produit\/cascara-almendra\/\"]}]},{\"@type\":\"BreadcrumbList\",\"@id\":\"https:\/\/bnvs.fr\/fr\/produit\/cascara-almendra\/#breadcrumb\",\"itemListElement\":[{\"@type\":\"ListItem\",\"position\":1,\"name\":\"Portada\",\"item\":\"https:\/\/bnvs.fr\/\"},{\"@type\":\"ListItem\",\"position\":2,\"name\":\"ESTUFAS PELLET Y BIOCOMBUSTIBLES\",\"item\":\"https:\/\/bnvs.fr\/fr\/tienda\/\"},{\"@type\":\"ListItem\",\"position\":3,\"name\":\"CASCARA ALMENDRA\"}]},{\"@type\":\"WebSite\",\"@id\":\"https:\/\/bnvs.fr\/fr\/#website\",\"url\":\"https:\/\/bnvs.fr\/fr\/\",\"name\":\"Bonvert Solutions\",\"description\":\"BONVERT SOLUTIONS es una empresa del sector de las energ\u00edas renovables y la biomasa en Europa\",\"publisher\":{\"@id\":\"https:\/\/bnvs.fr\/fr\/#organization\"},\"potentialAction\":[{\"@type\":\"SearchAction\",\"target\":{\"@type\":\"EntryPoint\",\"urlTemplate\":\"https:\/\/bnvs.fr\/fr\/?s={search_term_string}\"},\"query-input\":\"required name=search_term_string\"}],\"inLanguage\":\"fr-FR\"},{\"@type\":\"Organization\",\"@id\":\"https:\/\/bnvs.fr\/fr\/#organization\",\"name\":\"Bonvert Solutions\",\"url\":\"https:\/\/bnvs.fr\/fr\/\",\"logo\":{\"@type\":\"ImageObject\",\"inLanguage\":\"fr-FR\",\"@id\":\"https:\/\/bnvs.fr\/fr\/#\/schema\/logo\/image\/\",\"url\":\"https:\/\/bnvs.fr\/wp-content\/uploads\/2023\/01\/bonvert5eL.png\",\"contentUrl\":\"https:\/\/bnvs.fr\/wp-content\/uploads\/2023\/01\/bonvert5eL.png\",\"width\":800,\"height\":280,\"caption\":\"Bonvert Solutions\"},\"image\":{\"@id\":\"https:\/\/bnvs.fr\/fr\/#\/schema\/logo\/image\/\"}}]}<\/script>\n<!-- \/ Yoast SEO plugin. -->","yoast_head_json":{"title":"CASCARA ALMENDRA - Bonvert Solutions","robots":{"index":"index","follow":"follow","max-snippet":"max-snippet:-1","max-image-preview":"max-image-preview:large","max-video-preview":"max-video-preview:-1"},"canonical":"https:\/\/bnvs.fr\/fr\/produit\/cascara-almendra\/","og_locale":"fr_FR","og_type":"article","og_title":"CASCARA ALMENDRA - Bonvert Solutions","og_description":"La C\u00e1scara triturada de almendra es otra alternativa para calentar, climatizar y alimentar la actividad de tu hogar o empresa. Nos alejamos del gas\u00f3leo o propano con esta opci\u00f3n natural, ecol\u00f3gica, sostenible y tremendamente \u00fatil .","og_url":"https:\/\/bnvs.fr\/fr\/produit\/cascara-almendra\/","og_site_name":"Bonvert Solutions","article_modified_time":"2023-02-01T11:07:36+00:00","og_image":[{"width":1116,"height":1346,"url":"https:\/\/bnvs.fr\/wp-content\/uploads\/2023\/01\/almendracasc1.jpeg","type":"image\/jpeg"}],"twitter_card":"summary_large_image","schema":{"@context":"https:\/\/schema.org","@graph":[{"@type":"WebPage","@id":"https:\/\/bnvs.fr\/fr\/produit\/cascara-almendra\/","url":"https:\/\/bnvs.fr\/fr\/produit\/cascara-almendra\/","name":"CASCARA ALMENDRA - Bonvert Solutions","isPartOf":{"@id":"https:\/\/bnvs.fr\/fr\/#website"},"datePublished":"2023-01-29T19:16:24+00:00","dateModified":"2023-02-01T11:07:36+00:00","breadcrumb":{"@id":"https:\/\/bnvs.fr\/fr\/produit\/cascara-almendra\/#breadcrumb"},"inLanguage":"fr-FR","potentialAction":[{"@type":"ReadAction","target":["https:\/\/bnvs.fr\/fr\/produit\/cascara-almendra\/"]}]},{"@type":"BreadcrumbList","@id":"https:\/\/bnvs.fr\/fr\/produit\/cascara-almendra\/#breadcrumb","itemListElement":[{"@type":"ListItem","position":1,"name":"Portada","item":"https:\/\/bnvs.fr\/"},{"@type":"ListItem","position":2,"name":"ESTUFAS PELLET Y BIOCOMBUSTIBLES","item":"https:\/\/bnvs.fr\/fr\/tienda\/"},{"@type":"ListItem","position":3,"name":"CASCARA ALMENDRA"}]},{"@type":"WebSite","@id":"https:\/\/bnvs.fr\/fr\/#website","url":"https:\/\/bnvs.fr\/fr\/","name":"Bonvert Solutions","description":"BONVERT SOLUTIONS es una empresa del sector de las energ\u00edas renovables y la biomasa en Europa","publisher":{"@id":"https:\/\/bnvs.fr\/fr\/#organization"},"potentialAction":[{"@type":"SearchAction","target":{"@type":"EntryPoint","urlTemplate":"https:\/\/bnvs.fr\/fr\/?s={search_term_string}"},"query-input":"required name=search_term_string"}],"inLanguage":"fr-FR"},{"@type":"Organization","@id":"https:\/\/bnvs.fr\/fr\/#organization","name":"Bonvert Solutions","url":"https:\/\/bnvs.fr\/fr\/","logo":{"@type":"ImageObject","inLanguage":"fr-FR","@id":"https:\/\/bnvs.fr\/fr\/#\/schema\/logo\/image\/","url":"https:\/\/bnvs.fr\/wp-content\/uploads\/2023\/01\/bonvert5eL.png","contentUrl":"https:\/\/bnvs.fr\/wp-content\/uploads\/2023\/01\/bonvert5eL.png","width":800,"height":280,"caption":"Bonvert Solutions"},"image":{"@id":"https:\/\/bnvs.fr\/fr\/#\/schema\/logo\/image\/"}}]}},"_links":{"self":[{"href":"https:\/\/bnvs.fr\/fr\/wp-json\/wp\/v2\/product\/6783"}],"collection":[{"href":"https:\/\/bnvs.fr\/fr\/wp-json\/wp\/v2\/product"}],"about":[{"href":"https:\/\/bnvs.fr\/fr\/wp-json\/wp\/v2\/types\/product"}],"wp:featuredmedia":[{"embeddable":true,"href":"https:\/\/bnvs.fr\/fr\/wp-json\/wp\/v2\/media\/6583"}],"wp:attachment":[{"href":"https:\/\/bnvs.fr\/fr\/wp-json\/wp\/v2\/media?parent=6783"}],"wp:term":[{"taxonomy":"product_cat","embeddable":true,"href":"https:\/\/bnvs.fr\/fr\/wp-json\/wp\/v2\/product_cat?post=6783"},{"taxonomy":"product_tag","embeddable":true,"href":"https:\/\/bnvs.fr\/fr\/wp-json\/wp\/v2\/product_tag?post=6783"}],"curies":[{"name":"wp","href":"https:\/\/api.w.org\/{rel}","templated":true}]}}