{"id":6784,"date":"2023-01-29T19:18:01","date_gmt":"2023-01-29T19:18:01","guid":{"rendered":"https:\/\/bnvs.es\/?post_type=product&#038;p=6784"},"modified":"2023-01-29T19:20:11","modified_gmt":"2023-01-29T19:20:11","slug":"hueso-aceituna","status":"publish","type":"product","link":"https:\/\/bnvs.fr\/fr\/produit\/hueso-aceituna\/","title":{"rendered":"OS D'OLIVE"},"content":{"rendered":"<ul>\n<li>Le noyau d'olive BONVERT SOLUTIONS est disponible en Bigbag ou en vrac livr\u00e9 par camion fond mouvant.<\/li>\n<\/ul>","protected":false},"excerpt":{"rendered":"<p>Le noyau d'olive est un combustible compatible avec certains po\u00eales \u00e0 granul\u00e9s mais il est important de s'assurer de cette compatibilit\u00e9. Il est produit apr\u00e8s un processus de broyage, de lavage et de s\u00e9chage des noyaux d'olive des arbres. Il a une puissance de combustion et calorifique d'environ 4,4 kWh\/kg. (Contenu dans 1 sac de 15 kgs).<\/p>","protected":false},"featured_media":6178,"template":"","meta":[],"product_cat":[67],"product_tag":[68,66],"yoast_head":"<!-- This site is optimized with the Yoast SEO plugin v20.1 - https:\/\/yoast.com\/wordpress\/plugins\/seo\/ -->\n<title>HUESO ACEITUNA - Bonvert Solutions<\/title>\n<meta name=\"robots\" content=\"index, follow, max-snippet:-1, max-image-preview:large, max-video-preview:-1\" \/>\n<link rel=\"canonical\" href=\"https:\/\/bnvs.fr\/fr\/produit\/hueso-aceituna\/\" \/>\n<meta property=\"og:locale\" content=\"fr_FR\" \/>\n<meta property=\"og:type\" content=\"article\" \/>\n<meta property=\"og:title\" content=\"HUESO ACEITUNA - Bonvert Solutions\" \/>\n<meta property=\"og:description\" content=\"El hueso de aceituna de oliva es un combustible compatible con algunas estufas de pellet pero es importante asegurar dicha compatibilidad. Se produce tras un proceso de triturado, lavado y secado de los huesos de aceituna de los \u00e1rboles. Posee un poder de combusti\u00f3n y calorifico aproximadamente de 4,4 kwh\/kg. ( Contenido en 1 saco de 15 kgs ).\" \/>\n<meta property=\"og:url\" content=\"https:\/\/bnvs.fr\/fr\/produit\/hueso-aceituna\/\" \/>\n<meta property=\"og:site_name\" content=\"Bonvert Solutions\" \/>\n<meta property=\"article:modified_time\" content=\"2023-01-29T19:20:11+00:00\" \/>\n<meta property=\"og:image\" content=\"https:\/\/bnvs.fr\/wp-content\/uploads\/2023\/01\/FOTO-HUESO-OLIVA.jpg\" \/>\n\t<meta property=\"og:image:width\" content=\"1440\" \/>\n\t<meta property=\"og:image:height\" content=\"1920\" \/>\n\t<meta property=\"og:image:type\" content=\"image\/jpeg\" \/>\n<meta name=\"twitter:card\" content=\"summary_large_image\" \/>\n<script type=\"application\/ld+json\" class=\"yoast-schema-graph\">{\"@context\":\"https:\/\/schema.org\",\"@graph\":[{\"@type\":\"WebPage\",\"@id\":\"https:\/\/bnvs.fr\/fr\/produit\/hueso-aceituna\/\",\"url\":\"https:\/\/bnvs.fr\/fr\/produit\/hueso-aceituna\/\",\"name\":\"HUESO ACEITUNA - Bonvert Solutions\",\"isPartOf\":{\"@id\":\"https:\/\/bnvs.fr\/fr\/#website\"},\"datePublished\":\"2023-01-29T19:18:01+00:00\",\"dateModified\":\"2023-01-29T19:20:11+00:00\",\"breadcrumb\":{\"@id\":\"https:\/\/bnvs.fr\/fr\/produit\/hueso-aceituna\/#breadcrumb\"},\"inLanguage\":\"fr-FR\",\"potentialAction\":[{\"@type\":\"ReadAction\",\"target\":[\"https:\/\/bnvs.fr\/fr\/produit\/hueso-aceituna\/\"]}]},{\"@type\":\"BreadcrumbList\",\"@id\":\"https:\/\/bnvs.fr\/fr\/produit\/hueso-aceituna\/#breadcrumb\",\"itemListElement\":[{\"@type\":\"ListItem\",\"position\":1,\"name\":\"Portada\",\"item\":\"https:\/\/bnvs.fr\/\"},{\"@type\":\"ListItem\",\"position\":2,\"name\":\"ESTUFAS PELLET Y BIOCOMBUSTIBLES\",\"item\":\"https:\/\/bnvs.fr\/fr\/tienda\/\"},{\"@type\":\"ListItem\",\"position\":3,\"name\":\"HUESO ACEITUNA\"}]},{\"@type\":\"WebSite\",\"@id\":\"https:\/\/bnvs.fr\/fr\/#website\",\"url\":\"https:\/\/bnvs.fr\/fr\/\",\"name\":\"Bonvert Solutions\",\"description\":\"BONVERT SOLUTIONS es una empresa del sector de las energ\u00edas renovables y la biomasa en Europa\",\"publisher\":{\"@id\":\"https:\/\/bnvs.fr\/fr\/#organization\"},\"potentialAction\":[{\"@type\":\"SearchAction\",\"target\":{\"@type\":\"EntryPoint\",\"urlTemplate\":\"https:\/\/bnvs.fr\/fr\/?s={search_term_string}\"},\"query-input\":\"required name=search_term_string\"}],\"inLanguage\":\"fr-FR\"},{\"@type\":\"Organization\",\"@id\":\"https:\/\/bnvs.fr\/fr\/#organization\",\"name\":\"Bonvert Solutions\",\"url\":\"https:\/\/bnvs.fr\/fr\/\",\"logo\":{\"@type\":\"ImageObject\",\"inLanguage\":\"fr-FR\",\"@id\":\"https:\/\/bnvs.fr\/fr\/#\/schema\/logo\/image\/\",\"url\":\"https:\/\/bnvs.fr\/wp-content\/uploads\/2023\/01\/bonvert5eL.png\",\"contentUrl\":\"https:\/\/bnvs.fr\/wp-content\/uploads\/2023\/01\/bonvert5eL.png\",\"width\":800,\"height\":280,\"caption\":\"Bonvert Solutions\"},\"image\":{\"@id\":\"https:\/\/bnvs.fr\/fr\/#\/schema\/logo\/image\/\"}}]}<\/script>\n<!-- \/ Yoast SEO plugin. -->","yoast_head_json":{"title":"HUESO ACEITUNA - Bonvert Solutions","robots":{"index":"index","follow":"follow","max-snippet":"max-snippet:-1","max-image-preview":"max-image-preview:large","max-video-preview":"max-video-preview:-1"},"canonical":"https:\/\/bnvs.fr\/fr\/produit\/hueso-aceituna\/","og_locale":"fr_FR","og_type":"article","og_title":"HUESO ACEITUNA - Bonvert Solutions","og_description":"El hueso de aceituna de oliva es un combustible compatible con algunas estufas de pellet pero es importante asegurar dicha compatibilidad. Se produce tras un proceso de triturado, lavado y secado de los huesos de aceituna de los \u00e1rboles. Posee un poder de combusti\u00f3n y calorifico aproximadamente de 4,4 kwh\/kg. ( Contenido en 1 saco de 15 kgs ).","og_url":"https:\/\/bnvs.fr\/fr\/produit\/hueso-aceituna\/","og_site_name":"Bonvert Solutions","article_modified_time":"2023-01-29T19:20:11+00:00","og_image":[{"width":1440,"height":1920,"url":"https:\/\/bnvs.fr\/wp-content\/uploads\/2023\/01\/FOTO-HUESO-OLIVA.jpg","type":"image\/jpeg"}],"twitter_card":"summary_large_image","schema":{"@context":"https:\/\/schema.org","@graph":[{"@type":"WebPage","@id":"https:\/\/bnvs.fr\/fr\/produit\/hueso-aceituna\/","url":"https:\/\/bnvs.fr\/fr\/produit\/hueso-aceituna\/","name":"HUESO ACEITUNA - Bonvert Solutions","isPartOf":{"@id":"https:\/\/bnvs.fr\/fr\/#website"},"datePublished":"2023-01-29T19:18:01+00:00","dateModified":"2023-01-29T19:20:11+00:00","breadcrumb":{"@id":"https:\/\/bnvs.fr\/fr\/produit\/hueso-aceituna\/#breadcrumb"},"inLanguage":"fr-FR","potentialAction":[{"@type":"ReadAction","target":["https:\/\/bnvs.fr\/fr\/produit\/hueso-aceituna\/"]}]},{"@type":"BreadcrumbList","@id":"https:\/\/bnvs.fr\/fr\/produit\/hueso-aceituna\/#breadcrumb","itemListElement":[{"@type":"ListItem","position":1,"name":"Portada","item":"https:\/\/bnvs.fr\/"},{"@type":"ListItem","position":2,"name":"ESTUFAS PELLET Y BIOCOMBUSTIBLES","item":"https:\/\/bnvs.fr\/fr\/tienda\/"},{"@type":"ListItem","position":3,"name":"HUESO ACEITUNA"}]},{"@type":"WebSite","@id":"https:\/\/bnvs.fr\/fr\/#website","url":"https:\/\/bnvs.fr\/fr\/","name":"Bonvert Solutions","description":"BONVERT SOLUTIONS es una empresa del sector de las energ\u00edas renovables y la biomasa en Europa","publisher":{"@id":"https:\/\/bnvs.fr\/fr\/#organization"},"potentialAction":[{"@type":"SearchAction","target":{"@type":"EntryPoint","urlTemplate":"https:\/\/bnvs.fr\/fr\/?s={search_term_string}"},"query-input":"required name=search_term_string"}],"inLanguage":"fr-FR"},{"@type":"Organization","@id":"https:\/\/bnvs.fr\/fr\/#organization","name":"Bonvert Solutions","url":"https:\/\/bnvs.fr\/fr\/","logo":{"@type":"ImageObject","inLanguage":"fr-FR","@id":"https:\/\/bnvs.fr\/fr\/#\/schema\/logo\/image\/","url":"https:\/\/bnvs.fr\/wp-content\/uploads\/2023\/01\/bonvert5eL.png","contentUrl":"https:\/\/bnvs.fr\/wp-content\/uploads\/2023\/01\/bonvert5eL.png","width":800,"height":280,"caption":"Bonvert Solutions"},"image":{"@id":"https:\/\/bnvs.fr\/fr\/#\/schema\/logo\/image\/"}}]}},"_links":{"self":[{"href":"https:\/\/bnvs.fr\/fr\/wp-json\/wp\/v2\/product\/6784"}],"collection":[{"href":"https:\/\/bnvs.fr\/fr\/wp-json\/wp\/v2\/product"}],"about":[{"href":"https:\/\/bnvs.fr\/fr\/wp-json\/wp\/v2\/types\/product"}],"wp:featuredmedia":[{"embeddable":true,"href":"https:\/\/bnvs.fr\/fr\/wp-json\/wp\/v2\/media\/6178"}],"wp:attachment":[{"href":"https:\/\/bnvs.fr\/fr\/wp-json\/wp\/v2\/media?parent=6784"}],"wp:term":[{"taxonomy":"product_cat","embeddable":true,"href":"https:\/\/bnvs.fr\/fr\/wp-json\/wp\/v2\/product_cat?post=6784"},{"taxonomy":"product_tag","embeddable":true,"href":"https:\/\/bnvs.fr\/fr\/wp-json\/wp\/v2\/product_tag?post=6784"}],"curies":[{"name":"wp","href":"https:\/\/api.w.org\/{rel}","templated":true}]}}