{"id":7575,"date":"2024-01-16T11:37:04","date_gmt":"2024-01-16T11:37:04","guid":{"rendered":"https:\/\/bnvs.fr\/?post_type=product&#038;p=7575"},"modified":"2024-01-19T17:46:20","modified_gmt":"2024-01-19T17:46:20","slug":"pellet-de-madera-lana","status":"publish","type":"product","link":"https:\/\/bnvs.fr\/fr\/produit\/pellet-de-madera-lana\/","title":{"rendered":"GRANULES DE BOIS LANA"},"content":{"rendered":"<p>Palettes de 65 sacs de 15kg.<\/li>\n<p> Facilit\u00e9 de manipulation et de transport.<\/li>\n<p> Chaque palette est prot\u00e9g\u00e9e par un sac \u00e9tanche pour le stockage ext\u00e9rieur.<\/p>\n<table style=\"width: 100%;\">\n<tbody>\n<tr>\n<td><img decoding=\"async\" loading=\"lazy\" class=\"alignnone size-medium wp-image-7581\" src=\"https:\/\/bnvs.fr\/wp-content\/uploads\/2024\/01\/DINPLUS_PEFC-300x101.png\" alt=\"\" width=\"300\" height=\"101\" srcset=\"https:\/\/bnvs.fr\/wp-content\/uploads\/2024\/01\/DINPLUS_PEFC-300x101.png 300w, https:\/\/bnvs.fr\/wp-content\/uploads\/2024\/01\/DINPLUS_PEFC-768x260.png 768w, https:\/\/bnvs.fr\/wp-content\/uploads\/2024\/01\/DINPLUS_PEFC-18x6.png 18w, https:\/\/bnvs.fr\/wp-content\/uploads\/2024\/01\/DINPLUS_PEFC-600x203.png 600w, https:\/\/bnvs.fr\/wp-content\/uploads\/2024\/01\/DINPLUS_PEFC.png 1008w\" sizes=\"(max-width: 300px) 100vw, 300px\" \/><\/p>\n<p>Caract\u00e9ristiques techniques des pellets DIN PLUS<br \/>\n\u2013 Longueur des pellets : 11,8 mm<br \/>\n\u2013 Diam\u00e8tre : 6mm<br \/>\n\u2013 Densit\u00e9 brute : 680 kg\/m3<br \/>\n\u2013 Teneur en eau : 7,1%<br \/>\n\u2013 Cendres : 0,4%<br \/>\n\u2013 Pouvoir calorifique des pellets : 4,8 kWh\/kg<br \/>\n\u2013 Durabilit\u00e9 : 98,4%<br \/>\n\u2013 Fin (&lt;3,15mm) : &lt;0,5%<\/td>\n<td>Documentaci\u00f3n:<\/p>\n<p><a href=\"https:\/\/bnvs.fr\/wp-content\/uploads\/2024\/01\/Ficha-tecnica-PELLETS-LANA.pdf\" target=\"_blank\" rel=\"noopener\">FICHA TECNICA<\/a><\/p>\n<p><a href=\"https:\/\/bnvs.fr\/wp-content\/uploads\/2024\/01\/CERTIFICADO-ES-049-EN-Plus-PELLET-LANA-S.Coop_.pdf\" target=\"_blank\" rel=\"noopener\">CERTIFICADO Plus<\/a><\/p>\n<p><a href=\"https:\/\/bnvs.fr\/wp-content\/uploads\/2024\/01\/CERTIFICADO-7A340-DIN-Plus-PELLET-LANA-S.Coop_.pdf\" target=\"_blank\" rel=\"noopener\">CERTIFICADO DIN Plus<\/a><\/td>\n<\/tr>\n<\/tbody>\n<\/table>","protected":false},"excerpt":{"rendered":"<p>Nous utilisons pour nos produits la sciure et les copeaux g\u00e9n\u00e9r\u00e9s lors de la transformation du bois sci\u00e9. 100% bois, sans \u00e9corce ni impuret\u00e9s, press\u00e9 et sans aucun type d'additifs.<\/h4>\n<p>Notre mati\u00e8re premi\u00e8re, avec certification\u00a0<strong>PEFC<\/strong>, est issu de for\u00eats g\u00e9r\u00e9es durablement.<\/p>\n<p>Le pellet LAINE est un\u00a0<strong>BIOCARBURANT<\/strong>\u00a0non fossile, ce qui en fait un\u00a0<strong>\u00e9nergie renouvelable<\/strong>.<\/p>\n<p>Ils r\u00e9pondent \u00e0 la norme <strong>DIN plus et EN plus A1<\/strong>, asegurando un producto con una menor cantidad de cenizas y un mayor poder calor\u00edfico.<\/p>","protected":false},"featured_media":7572,"template":"","meta":[],"product_cat":[55],"product_tag":[66,60],"yoast_head":"<!-- This site is optimized with the Yoast SEO plugin v20.1 - https:\/\/yoast.com\/wordpress\/plugins\/seo\/ -->\n<title>PELLET DE MADERA LANA - Bonvert Solutions<\/title>\n<meta name=\"robots\" content=\"index, follow, max-snippet:-1, max-image-preview:large, max-video-preview:-1\" \/>\n<link rel=\"canonical\" href=\"https:\/\/bnvs.fr\/fr\/produit\/pellet-de-madera-lana\/\" \/>\n<meta property=\"og:locale\" content=\"fr_FR\" \/>\n<meta property=\"og:type\" content=\"article\" \/>\n<meta property=\"og:title\" content=\"PELLET DE MADERA LANA - Bonvert Solutions\" \/>\n<meta property=\"og:description\" content=\"Utilizamos el serr\u00edn y la viruta\u00a0que se generan al procesar la madera aserrada para nuestros productos.\u00a0100% madera, sin corteza e impurezas, prensada y sin ning\u00fan tipo de aditivos.  Nuestra materia prima, con certificaci\u00f3n\u00a0PEFC, proviene de bosques gestionados de forma sostenible.   El pellet LANA es un\u00a0BIOCOMBUSTIBLE\u00a0no f\u00f3sil, que lo convierte en una\u00a0energ\u00eda renovable.  Cumplen la norma DIN plus y EN plus A1, asegurando un producto con una menor cantidad de cenizas y un mayor poder calor\u00edfico.\" \/>\n<meta property=\"og:url\" content=\"https:\/\/bnvs.fr\/fr\/produit\/pellet-de-madera-lana\/\" \/>\n<meta property=\"og:site_name\" content=\"Bonvert Solutions\" \/>\n<meta property=\"article:modified_time\" content=\"2024-01-19T17:46:20+00:00\" \/>\n<meta property=\"og:image\" content=\"https:\/\/bnvs.fr\/wp-content\/uploads\/2024\/01\/lana_pellet2.png\" \/>\n\t<meta property=\"og:image:width\" content=\"1000\" \/>\n\t<meta property=\"og:image:height\" content=\"1065\" \/>\n\t<meta property=\"og:image:type\" content=\"image\/png\" \/>\n<meta name=\"twitter:card\" content=\"summary_large_image\" \/>\n<meta name=\"twitter:label1\" content=\"Dur\u00e9e de lecture estim\u00e9e\" \/>\n\t<meta name=\"twitter:data1\" content=\"1 minute\" \/>\n<script type=\"application\/ld+json\" class=\"yoast-schema-graph\">{\"@context\":\"https:\/\/schema.org\",\"@graph\":[{\"@type\":\"WebPage\",\"@id\":\"https:\/\/bnvs.fr\/producto\/pellet-de-madera-lana\/\",\"url\":\"https:\/\/bnvs.fr\/producto\/pellet-de-madera-lana\/\",\"name\":\"PELLET DE MADERA LANA - Bonvert Solutions\",\"isPartOf\":{\"@id\":\"https:\/\/bnvs.fr\/fr\/#website\"},\"datePublished\":\"2024-01-16T11:37:04+00:00\",\"dateModified\":\"2024-01-19T17:46:20+00:00\",\"breadcrumb\":{\"@id\":\"https:\/\/bnvs.fr\/producto\/pellet-de-madera-lana\/#breadcrumb\"},\"inLanguage\":\"fr-FR\",\"potentialAction\":[{\"@type\":\"ReadAction\",\"target\":[\"https:\/\/bnvs.fr\/producto\/pellet-de-madera-lana\/\"]}]},{\"@type\":\"BreadcrumbList\",\"@id\":\"https:\/\/bnvs.fr\/producto\/pellet-de-madera-lana\/#breadcrumb\",\"itemListElement\":[{\"@type\":\"ListItem\",\"position\":1,\"name\":\"Portada\",\"item\":\"https:\/\/bnvs.fr\/\"},{\"@type\":\"ListItem\",\"position\":2,\"name\":\"ESTUFAS PELLET Y BIOCOMBUSTIBLES\",\"item\":\"https:\/\/bnvs.fr\/fr\/tienda\/\"},{\"@type\":\"ListItem\",\"position\":3,\"name\":\"PELLET DE MADERA LANA\"}]},{\"@type\":\"WebSite\",\"@id\":\"https:\/\/bnvs.fr\/fr\/#website\",\"url\":\"https:\/\/bnvs.fr\/fr\/\",\"name\":\"Bonvert Solutions\",\"description\":\"BONVERT SOLUTIONS es una empresa del sector de las energ\u00edas renovables y la biomasa en Europa\",\"publisher\":{\"@id\":\"https:\/\/bnvs.fr\/fr\/#organization\"},\"potentialAction\":[{\"@type\":\"SearchAction\",\"target\":{\"@type\":\"EntryPoint\",\"urlTemplate\":\"https:\/\/bnvs.fr\/fr\/?s={search_term_string}\"},\"query-input\":\"required name=search_term_string\"}],\"inLanguage\":\"fr-FR\"},{\"@type\":\"Organization\",\"@id\":\"https:\/\/bnvs.fr\/fr\/#organization\",\"name\":\"Bonvert Solutions\",\"url\":\"https:\/\/bnvs.fr\/fr\/\",\"logo\":{\"@type\":\"ImageObject\",\"inLanguage\":\"fr-FR\",\"@id\":\"https:\/\/bnvs.fr\/fr\/#\/schema\/logo\/image\/\",\"url\":\"https:\/\/bnvs.fr\/wp-content\/uploads\/2023\/01\/bonvert5eL.png\",\"contentUrl\":\"https:\/\/bnvs.fr\/wp-content\/uploads\/2023\/01\/bonvert5eL.png\",\"width\":800,\"height\":280,\"caption\":\"Bonvert Solutions\"},\"image\":{\"@id\":\"https:\/\/bnvs.fr\/fr\/#\/schema\/logo\/image\/\"}}]}<\/script>\n<!-- \/ Yoast SEO plugin. -->","yoast_head_json":{"title":"PELLET DE MADERA LANA - Bonvert Solutions","robots":{"index":"index","follow":"follow","max-snippet":"max-snippet:-1","max-image-preview":"max-image-preview:large","max-video-preview":"max-video-preview:-1"},"canonical":"https:\/\/bnvs.fr\/fr\/produit\/pellet-de-madera-lana\/","og_locale":"fr_FR","og_type":"article","og_title":"PELLET DE MADERA LANA - Bonvert Solutions","og_description":"Utilizamos el serr\u00edn y la viruta\u00a0que se generan al procesar la madera aserrada para nuestros productos.\u00a0100% madera, sin corteza e impurezas, prensada y sin ning\u00fan tipo de aditivos.  Nuestra materia prima, con certificaci\u00f3n\u00a0PEFC, proviene de bosques gestionados de forma sostenible.   El pellet LANA es un\u00a0BIOCOMBUSTIBLE\u00a0no f\u00f3sil, que lo convierte en una\u00a0energ\u00eda renovable.  Cumplen la norma DIN plus y EN plus A1, asegurando un producto con una menor cantidad de cenizas y un mayor poder calor\u00edfico.","og_url":"https:\/\/bnvs.fr\/fr\/produit\/pellet-de-madera-lana\/","og_site_name":"Bonvert Solutions","article_modified_time":"2024-01-19T17:46:20+00:00","og_image":[{"width":1000,"height":1065,"url":"https:\/\/bnvs.fr\/wp-content\/uploads\/2024\/01\/lana_pellet2.png","type":"image\/png"}],"twitter_card":"summary_large_image","twitter_misc":{"Dur\u00e9e de lecture estim\u00e9e":"1 minute"},"schema":{"@context":"https:\/\/schema.org","@graph":[{"@type":"WebPage","@id":"https:\/\/bnvs.fr\/producto\/pellet-de-madera-lana\/","url":"https:\/\/bnvs.fr\/producto\/pellet-de-madera-lana\/","name":"PELLET DE MADERA LANA - Bonvert Solutions","isPartOf":{"@id":"https:\/\/bnvs.fr\/fr\/#website"},"datePublished":"2024-01-16T11:37:04+00:00","dateModified":"2024-01-19T17:46:20+00:00","breadcrumb":{"@id":"https:\/\/bnvs.fr\/producto\/pellet-de-madera-lana\/#breadcrumb"},"inLanguage":"fr-FR","potentialAction":[{"@type":"ReadAction","target":["https:\/\/bnvs.fr\/producto\/pellet-de-madera-lana\/"]}]},{"@type":"BreadcrumbList","@id":"https:\/\/bnvs.fr\/producto\/pellet-de-madera-lana\/#breadcrumb","itemListElement":[{"@type":"ListItem","position":1,"name":"Portada","item":"https:\/\/bnvs.fr\/"},{"@type":"ListItem","position":2,"name":"ESTUFAS PELLET Y BIOCOMBUSTIBLES","item":"https:\/\/bnvs.fr\/fr\/tienda\/"},{"@type":"ListItem","position":3,"name":"PELLET DE MADERA LANA"}]},{"@type":"WebSite","@id":"https:\/\/bnvs.fr\/fr\/#website","url":"https:\/\/bnvs.fr\/fr\/","name":"Bonvert Solutions","description":"BONVERT SOLUTIONS es una empresa del sector de las energ\u00edas renovables y la biomasa en Europa","publisher":{"@id":"https:\/\/bnvs.fr\/fr\/#organization"},"potentialAction":[{"@type":"SearchAction","target":{"@type":"EntryPoint","urlTemplate":"https:\/\/bnvs.fr\/fr\/?s={search_term_string}"},"query-input":"required name=search_term_string"}],"inLanguage":"fr-FR"},{"@type":"Organization","@id":"https:\/\/bnvs.fr\/fr\/#organization","name":"Bonvert Solutions","url":"https:\/\/bnvs.fr\/fr\/","logo":{"@type":"ImageObject","inLanguage":"fr-FR","@id":"https:\/\/bnvs.fr\/fr\/#\/schema\/logo\/image\/","url":"https:\/\/bnvs.fr\/wp-content\/uploads\/2023\/01\/bonvert5eL.png","contentUrl":"https:\/\/bnvs.fr\/wp-content\/uploads\/2023\/01\/bonvert5eL.png","width":800,"height":280,"caption":"Bonvert Solutions"},"image":{"@id":"https:\/\/bnvs.fr\/fr\/#\/schema\/logo\/image\/"}}]}},"_links":{"self":[{"href":"https:\/\/bnvs.fr\/fr\/wp-json\/wp\/v2\/product\/7575"}],"collection":[{"href":"https:\/\/bnvs.fr\/fr\/wp-json\/wp\/v2\/product"}],"about":[{"href":"https:\/\/bnvs.fr\/fr\/wp-json\/wp\/v2\/types\/product"}],"wp:featuredmedia":[{"embeddable":true,"href":"https:\/\/bnvs.fr\/fr\/wp-json\/wp\/v2\/media\/7572"}],"wp:attachment":[{"href":"https:\/\/bnvs.fr\/fr\/wp-json\/wp\/v2\/media?parent=7575"}],"wp:term":[{"taxonomy":"product_cat","embeddable":true,"href":"https:\/\/bnvs.fr\/fr\/wp-json\/wp\/v2\/product_cat?post=7575"},{"taxonomy":"product_tag","embeddable":true,"href":"https:\/\/bnvs.fr\/fr\/wp-json\/wp\/v2\/product_tag?post=7575"}],"curies":[{"name":"wp","href":"https:\/\/api.w.org\/{rel}","templated":true}]}}